{"id":1547,"date":"2022-07-14T14:41:53","date_gmt":"2022-07-14T11:41:53","guid":{"rendered":"https:\/\/vanaisa.ee\/product\/otepaa-single-set\/"},"modified":"2025-11-28T10:54:36","modified_gmt":"2025-11-28T08:54:36","slug":"otepaa-single-set","status":"publish","type":"product","link":"https:\/\/vanaisa.ee\/en\/product\/otepaa-single-set\/","title":{"rendered":"Otep\u00e4\u00e4 1-ne"},"content":{"rendered":"<p>Ladu t\u00fchjaks m\u00fc\u00fck!<\/p>\n<p><strong>Eestis loodud voodipesu, mille peal on p\u00e4ris foto maagiliselt udusse m\u00e4hitud puudest.<br \/>\nSee pole mingi arvuti kujundusprogrammis loodud pilt.<br \/>\n<\/strong><strong>Ilmselt ainuke omataoline maailmas.<\/strong><\/p>\n<p><strong>Foto s\u00fcnnilugu<\/strong>:<br \/>\n<em>K\u00f5ik hetked erilised, aga m\u00f5ned on siiski t\u00e4iesti unustamatud! Too hetk, mis on leidnud oma tee sellele voodipesule, oli \u00fcks neist uskumatult erilistest. Sellist valgust n\u00e4eb tavaliselt ainult p\u00e4ikset\u00f5usu ja -loojangu ajal, vaid m\u00f5ne minuti v\u00e4ltel. Tol p\u00e4eval kestis see aga terve p\u00e4eva, mis on ime. Selleks, et selline pilt avalduks, peavad k\u00f5ik vajalikud elemendid \u00fchel ajal kokku sattuma..<br \/>\nOma rolli m\u00e4ngivad siin temperatuur, niiskus, p\u00e4ike, tuul ja kes teab mis k\u00f5ik veel.<br \/>\nMinu arvates \u00fcks t\u00f5eline Holy Shit hetk.<br \/>\n<\/em><em>Vanaisa<\/em><\/p>\n<p>100% puuvillasatiin, OEKO-TEX\u00ae. Foto on digitaalselt pesule prinditud.<\/p>\n<p>Tegemist on j\u00e4tkusuutlikult valmistatud, eetilise, looduss\u00f5braliku ja mittetoksilise valikuga.<br \/>\nPuuvillasatiinist voodipesu on m\u00f5nusalt pehme, imab h\u00e4sti niiskust, kuivab kiiresti ning lisab interj\u00f6\u00f6ri hubasust.<\/p>\n<p>Tekikott 150 x 210 cm<br \/>\nPadjap\u00fc\u00fcr 50 x 60 cm<\/p>","protected":false},"excerpt":{"rendered":"<p>1% cotton sateen bed linen. Created in Estonia. OEKO-TEX\u00ae<br \/>\nThese sheets are sustainable, ethical, eco-friendly, nontoxic and a conscious choice.<br \/>\nCotton sateen is the best option for your bedding. It is super soft, has a pleasant feel,<br \/>\nperfectly absorbs moisture, dries quickly, creates coziness and harmony to your home.<br \/>\nWashing temperature max. 6\u00b0C. Wash turned inside out, with similar colours.<\/p>\n<p>OEKO-TEX\u00ae is one of the world&#8217;s best-known labels for textiles tested for harmful substances. It stands for customer confidence and high product safety.<\/p>\n<p>Digitally printed photo on the bedding was captured in Otep\u00e4\u00e4, South Estonia by Vanaisa.<\/p>\n<p>Duvet cover size 15 x 21 cm<br \/>\nPillowcase size 5 x 6 cm<\/p>","protected":false},"featured_media":4534,"template":"","meta":{"_acf_changed":false},"product_brand":[],"product_cat":[246,200,192],"product_tag":[],"class_list":{"0":"post-1547","1":"product","2":"type-product","3":"status-publish","4":"has-post-thumbnail","6":"product_cat-linad","7":"product_cat-tooted","8":"product_cat-koju","9":"pa_brand-vanaisa","11":"first","12":"instock","13":"sale","14":"purchasable","15":"product-type-simple"},"acf":[],"yoast_head":"<!-- This site is optimized with the Yoast SEO plugin v26.4 - https:\/\/yoast.com\/wordpress\/plugins\/seo\/ -->\n<title>Otep\u00e4\u00e4 1-ne &#8211; Vanaisa<\/title>\n<meta name=\"robots\" content=\"index, follow, max-snippet:-1, max-image-preview:large, max-video-preview:-1\" \/>\n<link rel=\"canonical\" href=\"https:\/\/vanaisa.ee\/en\/product\/otepaa-single-set\/\" \/>\n<meta property=\"og:locale\" content=\"en_GB\" \/>\n<meta property=\"og:type\" content=\"article\" \/>\n<meta property=\"og:title\" content=\"Otep\u00e4\u00e4 1-ne &#8211; Vanaisa\" \/>\n<meta property=\"og:description\" content=\"1% cotton sateen bed linen. Created in Estonia. OEKO-TEX\u00ae These sheets are sustainable, ethical, eco-friendly, nontoxic and a conscious choice. Cotton sateen is the best option for your bedding. It is super soft, has a pleasant feel, perfectly absorbs moisture, dries quickly, creates coziness and harmony to your home. Washing temperature max. 6\u00b0C. Wash turned inside out, with similar colours.  OEKO-TEX\u00ae is one of the world&#039;s best-known labels for textiles tested for harmful substances. It stands for customer confidence and high product safety.  Digitally printed photo on the bedding was captured in Otep\u00e4\u00e4, South Estonia by Vanaisa.  Duvet cover size 15 x 21 cm Pillowcase size 5 x 6 cm\" \/>\n<meta property=\"og:url\" content=\"https:\/\/vanaisa.ee\/en\/product\/otepaa-single-set\/\" \/>\n<meta property=\"og:site_name\" content=\"Vanaisa\" \/>\n<meta property=\"article:modified_time\" content=\"2025-11-28T08:54:36+00:00\" \/>\n<meta property=\"og:image\" content=\"https:\/\/vanaisa.ee\/wp-content\/uploads\/2022\/07\/1ne-w.jpg\" \/>\n\t<meta property=\"og:image:width\" content=\"1080\" \/>\n\t<meta property=\"og:image:height\" content=\"1350\" \/>\n\t<meta property=\"og:image:type\" content=\"image\/jpeg\" \/>\n<meta name=\"twitter:card\" content=\"summary_large_image\" \/>\n<meta name=\"twitter:label1\" content=\"Estimated reading time\" \/>\n\t<meta name=\"twitter:data1\" content=\"2 minutes\" \/>\n<script type=\"application\/ld+json\" class=\"yoast-schema-graph\">{\"@context\":\"https:\/\/schema.org\",\"@graph\":[{\"@type\":\"WebPage\",\"@id\":\"https:\/\/vanaisa.ee\/toode\/otepaa-single-set\/\",\"url\":\"https:\/\/vanaisa.ee\/toode\/otepaa-single-set\/\",\"name\":\"Otep\u00e4\u00e4 1-ne &#8211; Vanaisa\",\"isPartOf\":{\"@id\":\"https:\/\/vanaisa.ee\/#website\"},\"primaryImageOfPage\":{\"@id\":\"https:\/\/vanaisa.ee\/toode\/otepaa-single-set\/#primaryimage\"},\"image\":{\"@id\":\"https:\/\/vanaisa.ee\/toode\/otepaa-single-set\/#primaryimage\"},\"thumbnailUrl\":\"https:\/\/vanaisa.ee\/wp-content\/uploads\/2022\/07\/1ne-w.jpg\",\"datePublished\":\"2022-07-14T11:41:53+00:00\",\"dateModified\":\"2025-11-28T08:54:36+00:00\",\"breadcrumb\":{\"@id\":\"https:\/\/vanaisa.ee\/toode\/otepaa-single-set\/#breadcrumb\"},\"inLanguage\":\"en-GB\",\"potentialAction\":[{\"@type\":\"ReadAction\",\"target\":[\"https:\/\/vanaisa.ee\/toode\/otepaa-single-set\/\"]}]},{\"@type\":\"ImageObject\",\"inLanguage\":\"en-GB\",\"@id\":\"https:\/\/vanaisa.ee\/toode\/otepaa-single-set\/#primaryimage\",\"url\":\"https:\/\/vanaisa.ee\/wp-content\/uploads\/2022\/07\/1ne-w.jpg\",\"contentUrl\":\"https:\/\/vanaisa.ee\/wp-content\/uploads\/2022\/07\/1ne-w.jpg\",\"width\":1080,\"height\":1350},{\"@type\":\"BreadcrumbList\",\"@id\":\"https:\/\/vanaisa.ee\/toode\/otepaa-single-set\/#breadcrumb\",\"itemListElement\":[{\"@type\":\"ListItem\",\"position\":1,\"name\":\"\",\"item\":\"https:\/\/vanaisa.ee\/\"},{\"@type\":\"ListItem\",\"position\":2,\"name\":\"Pood\",\"item\":\"https:\/\/vanaisa.ee\/pood\/\"},{\"@type\":\"ListItem\",\"position\":3,\"name\":\"Otep\u00e4\u00e4 1-ne\"}]},{\"@type\":\"WebSite\",\"@id\":\"https:\/\/vanaisa.ee\/#website\",\"url\":\"https:\/\/vanaisa.ee\/\",\"name\":\"Vanaisa\",\"description\":\"Holy shit moment\",\"publisher\":{\"@id\":\"https:\/\/vanaisa.ee\/#organization\"},\"potentialAction\":[{\"@type\":\"SearchAction\",\"target\":{\"@type\":\"EntryPoint\",\"urlTemplate\":\"https:\/\/vanaisa.ee\/?s={search_term_string}\"},\"query-input\":{\"@type\":\"PropertyValueSpecification\",\"valueRequired\":true,\"valueName\":\"search_term_string\"}}],\"inLanguage\":\"en-GB\"},{\"@type\":\"Organization\",\"@id\":\"https:\/\/vanaisa.ee\/#organization\",\"name\":\"Vanaisa\",\"url\":\"https:\/\/vanaisa.ee\/\",\"logo\":{\"@type\":\"ImageObject\",\"inLanguage\":\"en-GB\",\"@id\":\"https:\/\/vanaisa.ee\/#\/schema\/logo\/image\/\",\"url\":\"https:\/\/vanaisa.ee\/wp-content\/uploads\/2022\/07\/DSC01075.jpg\",\"contentUrl\":\"https:\/\/vanaisa.ee\/wp-content\/uploads\/2022\/07\/DSC01075.jpg\",\"width\":1376,\"height\":553,\"caption\":\"Vanaisa\"},\"image\":{\"@id\":\"https:\/\/vanaisa.ee\/#\/schema\/logo\/image\/\"}}]}<\/script>\n<!-- \/ Yoast SEO plugin. -->","yoast_head_json":{"title":"Otep\u00e4\u00e4 1-ne &#8211; Vanaisa","robots":{"index":"index","follow":"follow","max-snippet":"max-snippet:-1","max-image-preview":"max-image-preview:large","max-video-preview":"max-video-preview:-1"},"canonical":"https:\/\/vanaisa.ee\/en\/product\/otepaa-single-set\/","og_locale":"en_GB","og_type":"article","og_title":"Otep\u00e4\u00e4 1-ne &#8211; Vanaisa","og_description":"1% cotton sateen bed linen. Created in Estonia. OEKO-TEX\u00ae These sheets are sustainable, ethical, eco-friendly, nontoxic and a conscious choice. Cotton sateen is the best option for your bedding. It is super soft, has a pleasant feel, perfectly absorbs moisture, dries quickly, creates coziness and harmony to your home. Washing temperature max. 6\u00b0C. Wash turned inside out, with similar colours.  OEKO-TEX\u00ae is one of the world's best-known labels for textiles tested for harmful substances. It stands for customer confidence and high product safety.  Digitally printed photo on the bedding was captured in Otep\u00e4\u00e4, South Estonia by Vanaisa.  Duvet cover size 15 x 21 cm Pillowcase size 5 x 6 cm","og_url":"https:\/\/vanaisa.ee\/en\/product\/otepaa-single-set\/","og_site_name":"Vanaisa","article_modified_time":"2025-11-28T08:54:36+00:00","og_image":[{"width":1080,"height":1350,"url":"https:\/\/vanaisa.ee\/wp-content\/uploads\/2022\/07\/1ne-w.jpg","type":"image\/jpeg"}],"twitter_card":"summary_large_image","twitter_misc":{"Estimated reading time":"2 minutes"},"schema":{"@context":"https:\/\/schema.org","@graph":[{"@type":"WebPage","@id":"https:\/\/vanaisa.ee\/toode\/otepaa-single-set\/","url":"https:\/\/vanaisa.ee\/toode\/otepaa-single-set\/","name":"Otep\u00e4\u00e4 1-ne &#8211; Vanaisa","isPartOf":{"@id":"https:\/\/vanaisa.ee\/#website"},"primaryImageOfPage":{"@id":"https:\/\/vanaisa.ee\/toode\/otepaa-single-set\/#primaryimage"},"image":{"@id":"https:\/\/vanaisa.ee\/toode\/otepaa-single-set\/#primaryimage"},"thumbnailUrl":"https:\/\/vanaisa.ee\/wp-content\/uploads\/2022\/07\/1ne-w.jpg","datePublished":"2022-07-14T11:41:53+00:00","dateModified":"2025-11-28T08:54:36+00:00","breadcrumb":{"@id":"https:\/\/vanaisa.ee\/toode\/otepaa-single-set\/#breadcrumb"},"inLanguage":"en-GB","potentialAction":[{"@type":"ReadAction","target":["https:\/\/vanaisa.ee\/toode\/otepaa-single-set\/"]}]},{"@type":"ImageObject","inLanguage":"en-GB","@id":"https:\/\/vanaisa.ee\/toode\/otepaa-single-set\/#primaryimage","url":"https:\/\/vanaisa.ee\/wp-content\/uploads\/2022\/07\/1ne-w.jpg","contentUrl":"https:\/\/vanaisa.ee\/wp-content\/uploads\/2022\/07\/1ne-w.jpg","width":1080,"height":1350},{"@type":"BreadcrumbList","@id":"https:\/\/vanaisa.ee\/toode\/otepaa-single-set\/#breadcrumb","itemListElement":[{"@type":"ListItem","position":1,"name":"","item":"https:\/\/vanaisa.ee\/"},{"@type":"ListItem","position":2,"name":"Pood","item":"https:\/\/vanaisa.ee\/pood\/"},{"@type":"ListItem","position":3,"name":"Otep\u00e4\u00e4 1-ne"}]},{"@type":"WebSite","@id":"https:\/\/vanaisa.ee\/#website","url":"https:\/\/vanaisa.ee\/","name":"Vanaisa","description":"Holy shit moment","publisher":{"@id":"https:\/\/vanaisa.ee\/#organization"},"potentialAction":[{"@type":"SearchAction","target":{"@type":"EntryPoint","urlTemplate":"https:\/\/vanaisa.ee\/?s={search_term_string}"},"query-input":{"@type":"PropertyValueSpecification","valueRequired":true,"valueName":"search_term_string"}}],"inLanguage":"en-GB"},{"@type":"Organization","@id":"https:\/\/vanaisa.ee\/#organization","name":"Vanaisa","url":"https:\/\/vanaisa.ee\/","logo":{"@type":"ImageObject","inLanguage":"en-GB","@id":"https:\/\/vanaisa.ee\/#\/schema\/logo\/image\/","url":"https:\/\/vanaisa.ee\/wp-content\/uploads\/2022\/07\/DSC01075.jpg","contentUrl":"https:\/\/vanaisa.ee\/wp-content\/uploads\/2022\/07\/DSC01075.jpg","width":1376,"height":553,"caption":"Vanaisa"},"image":{"@id":"https:\/\/vanaisa.ee\/#\/schema\/logo\/image\/"}}]}},"_links":{"self":[{"href":"https:\/\/vanaisa.ee\/en\/wp-json\/wp\/v2\/product\/1547","targetHints":{"allow":["GET"]}}],"collection":[{"href":"https:\/\/vanaisa.ee\/en\/wp-json\/wp\/v2\/product"}],"about":[{"href":"https:\/\/vanaisa.ee\/en\/wp-json\/wp\/v2\/types\/product"}],"wp:featuredmedia":[{"embeddable":true,"href":"https:\/\/vanaisa.ee\/en\/wp-json\/wp\/v2\/media\/4534"}],"wp:attachment":[{"href":"https:\/\/vanaisa.ee\/en\/wp-json\/wp\/v2\/media?parent=1547"}],"wp:term":[{"taxonomy":"product_brand","embeddable":true,"href":"https:\/\/vanaisa.ee\/en\/wp-json\/wp\/v2\/product_brand?post=1547"},{"taxonomy":"product_cat","embeddable":true,"href":"https:\/\/vanaisa.ee\/en\/wp-json\/wp\/v2\/product_cat?post=1547"},{"taxonomy":"product_tag","embeddable":true,"href":"https:\/\/vanaisa.ee\/en\/wp-json\/wp\/v2\/product_tag?post=1547"}],"curies":[{"name":"wp","href":"https:\/\/api.w.org\/{rel}","templated":true}]}}