{"id":1555,"date":"2022-07-14T14:41:53","date_gmt":"2022-07-14T11:41:53","guid":{"rendered":"https:\/\/vanaisa.ee\/product\/organic-lip-and-face-balm\/"},"modified":"2024-01-26T14:58:47","modified_gmt":"2024-01-26T12:58:47","slug":"organic-lip-and-face-balm","status":"publish","type":"product","link":"https:\/\/vanaisa.ee\/en\/product\/organic-lip-and-face-balm\/","title":{"rendered":"ORGANIC LIP AND FACE BALM"},"content":{"rendered":"<p><strong>Niisutav 100% looduslik l\u00f5hnavaba palsam. Sobiv n\u00e4ole, k\u00e4tele ja mujale.<br \/>\n<\/strong><strong>Loodud niisutama, kaitsma ja hooldama.<br \/>\n<\/strong><strong>Ainult 6 naturaalset koostisosa!<\/strong><\/p>\n<p><strong>Oleme lisanud ka palsamisse vaarikaseemne\u00f5li, millel on kerge naturaalne p\u00e4ikesekaitse omadus.\u00a0<\/strong><br \/>\nSobib niisutama \u00f5rna ja probleemset nahka. Samas testitud ka eriti karmides tingimustes: talviste tormidega j\u00e4ises meres ja m\u00e4gedes. Suvel toimib ka aftersun`ina.<\/p>\n<p><strong>S\u00fcnnilugu:<\/strong> isiklikust vajadusest tingitud, nii kodu- kui v\u00e4liskaubanduses vajaliku toote puudumine ning soov kaitsta erinevate ilmastikutingimuste eest enda ja oma kallite nahka.<br \/>\nSuusatades, surfates v\u00f5i m\u00f5ne muu v\u00e4lispordialaga tegeledes puutume igap\u00e4evaselt kokku erinevate meie nahka m\u00f5jutavate teguritega, olgu selleks p\u00e4ike, lumi, k\u00fclma- v\u00f5i kuumakraadid. Tahtsin p\u00e4riselt toimivat looduslikku niisutust ja tahtsin seda ilma plastmassita. Sellesse tootesse on pandud aastaid praktikat ja armastust.<\/p>\n<p>Koostis: Vaarikaseemne\u00f5li, sheav\u00f5i, mesilasvaha, kakaov\u00f5i, mandli\u00f5li, Vitamiin-E.<\/p>\n<p>Hoida liigse kuumuse ja otsese p\u00e4ikse eest. Vastasel juhul muutub palsami tekstuur, kuid toode on siiski kasutatav.<\/p>\n<p>Producer: OmaGive o\u00fc specially for Holy Shit Moments by Vanaisa<br \/>\n30ml<\/p>","protected":false},"excerpt":{"rendered":"<p>Protective shield against every kind of climate and usable all year round.<br \/>\nAlso suitable for rough northern wind, snow and water conditions.<\/p>\n<p>For the past 2+ years we have been following winter storms and chasing the waves. All the way from Estonia to the great Arctic and Atlantic.<br \/>\nWe`ve been sleeping outside, under the starry sky with -26 degrees, surfed the icy Arctic swells, spent days in blizzards trying to ride some majestic mountains.<br \/>\nWe`ve been hiking, climbing and surfing under the burning sun of the Atlantic. Coming home with fully blistered nose and lips.<br \/>\nSo we know quite well that skin needs proper protection against those tricky conditions.<br \/>\nThat`s why we have made a Holy Shit lip and face balm.<br \/>\nA helping hand for your skin in extreme climate.<\/p>\n<p>Ingredients: Butyrospermum Parkii Butter (sheav\u00f5i) , Apis Mellefera Wax (mesilasvaha) , Theobroma Cacao Sees Butter (kakaov\u00f5i) , Prunus Anygdalis Dulcis (mandli\u00f5li) , Natural Tocopherols E-Vitamin (Vitamiin-E)<\/p>\n<p>The price 1 + delivery 2.5 = 12.5EUR<br \/>\nFree delivery on all orders exceeding 5.- EUR<\/p>\n<p>Producer: OmaGive o\u00fc specially for Holy Shit Moments by Vanaisa<br \/>\n3ml<\/p>","protected":false},"featured_media":2795,"template":"","meta":{"_acf_changed":false},"product_brand":[],"product_cat":[200,191],"product_tag":[],"class_list":{"0":"post-1555","1":"product","2":"type-product","3":"status-publish","4":"has-post-thumbnail","6":"product_cat-tooted","7":"product_cat-sinule","8":"pa_brand-vanaisa","10":"first","11":"instock","12":"purchasable","13":"product-type-simple"},"acf":[],"yoast_head":"<!-- This site is optimized with the Yoast SEO plugin v26.4 - https:\/\/yoast.com\/wordpress\/plugins\/seo\/ -->\n<title>ORGANIC LIP AND FACE BALM &#8211; Vanaisa<\/title>\n<meta name=\"robots\" content=\"index, follow, max-snippet:-1, max-image-preview:large, max-video-preview:-1\" \/>\n<link rel=\"canonical\" href=\"https:\/\/vanaisa.ee\/en\/product\/organic-lip-and-face-balm\/\" \/>\n<meta property=\"og:locale\" content=\"en_GB\" \/>\n<meta property=\"og:type\" content=\"article\" \/>\n<meta property=\"og:title\" content=\"ORGANIC LIP AND FACE BALM &#8211; Vanaisa\" \/>\n<meta property=\"og:description\" content=\"Protective shield against every kind of climate and usable all year round. Also suitable for rough northern wind, snow and water conditions.  For the past 2+ years we have been following winter storms and chasing the waves. All the way from Estonia to the great Arctic and Atlantic. We`ve been sleeping outside, under the starry sky with -26 degrees, surfed the icy Arctic swells, spent days in blizzards trying to ride some majestic mountains. We`ve been hiking, climbing and surfing under the burning sun of the Atlantic. Coming home with fully blistered nose and lips. So we know quite well that skin needs proper protection against those tricky conditions. That`s why we have made a Holy Shit lip and face balm. A helping hand for your skin in extreme climate.  Ingredients: Butyrospermum Parkii Butter (sheav\u00f5i) , Apis Mellefera Wax (mesilasvaha) , Theobroma Cacao Sees Butter (kakaov\u00f5i) , Prunus Anygdalis Dulcis (mandli\u00f5li) , Natural Tocopherols E-Vitamin (Vitamiin-E)  The price 1 + delivery 2.5 = 12.5EUR Free delivery on all orders exceeding 5.- EUR  Producer: OmaGive o\u00fc specially for Holy Shit Moments by Vanaisa 3ml\" \/>\n<meta property=\"og:url\" content=\"https:\/\/vanaisa.ee\/en\/product\/organic-lip-and-face-balm\/\" \/>\n<meta property=\"og:site_name\" content=\"Vanaisa\" \/>\n<meta property=\"article:modified_time\" content=\"2024-01-26T12:58:47+00:00\" \/>\n<meta property=\"og:image\" content=\"https:\/\/vanaisa.ee\/wp-content\/uploads\/2022\/07\/lipB-1.jpg\" \/>\n\t<meta property=\"og:image:width\" content=\"1080\" \/>\n\t<meta property=\"og:image:height\" content=\"1350\" \/>\n\t<meta property=\"og:image:type\" content=\"image\/jpeg\" \/>\n<meta name=\"twitter:card\" content=\"summary_large_image\" \/>\n<meta name=\"twitter:label1\" content=\"Estimated reading time\" \/>\n\t<meta name=\"twitter:data1\" content=\"2 minutes\" \/>\n<script type=\"application\/ld+json\" class=\"yoast-schema-graph\">{\"@context\":\"https:\/\/schema.org\",\"@graph\":[{\"@type\":\"WebPage\",\"@id\":\"https:\/\/vanaisa.ee\/toode\/organic-lip-and-face-balm\/\",\"url\":\"https:\/\/vanaisa.ee\/toode\/organic-lip-and-face-balm\/\",\"name\":\"ORGANIC LIP AND FACE BALM &#8211; Vanaisa\",\"isPartOf\":{\"@id\":\"https:\/\/vanaisa.ee\/#website\"},\"primaryImageOfPage\":{\"@id\":\"https:\/\/vanaisa.ee\/toode\/organic-lip-and-face-balm\/#primaryimage\"},\"image\":{\"@id\":\"https:\/\/vanaisa.ee\/toode\/organic-lip-and-face-balm\/#primaryimage\"},\"thumbnailUrl\":\"https:\/\/vanaisa.ee\/wp-content\/uploads\/2022\/07\/lipB-1.jpg\",\"datePublished\":\"2022-07-14T11:41:53+00:00\",\"dateModified\":\"2024-01-26T12:58:47+00:00\",\"breadcrumb\":{\"@id\":\"https:\/\/vanaisa.ee\/toode\/organic-lip-and-face-balm\/#breadcrumb\"},\"inLanguage\":\"en-GB\",\"potentialAction\":[{\"@type\":\"ReadAction\",\"target\":[\"https:\/\/vanaisa.ee\/toode\/organic-lip-and-face-balm\/\"]}]},{\"@type\":\"ImageObject\",\"inLanguage\":\"en-GB\",\"@id\":\"https:\/\/vanaisa.ee\/toode\/organic-lip-and-face-balm\/#primaryimage\",\"url\":\"https:\/\/vanaisa.ee\/wp-content\/uploads\/2022\/07\/lipB-1.jpg\",\"contentUrl\":\"https:\/\/vanaisa.ee\/wp-content\/uploads\/2022\/07\/lipB-1.jpg\",\"width\":1080,\"height\":1350},{\"@type\":\"BreadcrumbList\",\"@id\":\"https:\/\/vanaisa.ee\/toode\/organic-lip-and-face-balm\/#breadcrumb\",\"itemListElement\":[{\"@type\":\"ListItem\",\"position\":1,\"name\":\"\",\"item\":\"https:\/\/vanaisa.ee\/\"},{\"@type\":\"ListItem\",\"position\":2,\"name\":\"Pood\",\"item\":\"https:\/\/vanaisa.ee\/pood\/\"},{\"@type\":\"ListItem\",\"position\":3,\"name\":\"ORGANIC LIP AND FACE BALM\"}]},{\"@type\":\"WebSite\",\"@id\":\"https:\/\/vanaisa.ee\/#website\",\"url\":\"https:\/\/vanaisa.ee\/\",\"name\":\"Vanaisa\",\"description\":\"Holy shit moment\",\"publisher\":{\"@id\":\"https:\/\/vanaisa.ee\/#organization\"},\"potentialAction\":[{\"@type\":\"SearchAction\",\"target\":{\"@type\":\"EntryPoint\",\"urlTemplate\":\"https:\/\/vanaisa.ee\/?s={search_term_string}\"},\"query-input\":{\"@type\":\"PropertyValueSpecification\",\"valueRequired\":true,\"valueName\":\"search_term_string\"}}],\"inLanguage\":\"en-GB\"},{\"@type\":\"Organization\",\"@id\":\"https:\/\/vanaisa.ee\/#organization\",\"name\":\"Vanaisa\",\"url\":\"https:\/\/vanaisa.ee\/\",\"logo\":{\"@type\":\"ImageObject\",\"inLanguage\":\"en-GB\",\"@id\":\"https:\/\/vanaisa.ee\/#\/schema\/logo\/image\/\",\"url\":\"https:\/\/vanaisa.ee\/wp-content\/uploads\/2022\/07\/DSC01075.jpg\",\"contentUrl\":\"https:\/\/vanaisa.ee\/wp-content\/uploads\/2022\/07\/DSC01075.jpg\",\"width\":1376,\"height\":553,\"caption\":\"Vanaisa\"},\"image\":{\"@id\":\"https:\/\/vanaisa.ee\/#\/schema\/logo\/image\/\"}}]}<\/script>\n<!-- \/ Yoast SEO plugin. -->","yoast_head_json":{"title":"ORGANIC LIP AND FACE BALM &#8211; Vanaisa","robots":{"index":"index","follow":"follow","max-snippet":"max-snippet:-1","max-image-preview":"max-image-preview:large","max-video-preview":"max-video-preview:-1"},"canonical":"https:\/\/vanaisa.ee\/en\/product\/organic-lip-and-face-balm\/","og_locale":"en_GB","og_type":"article","og_title":"ORGANIC LIP AND FACE BALM &#8211; Vanaisa","og_description":"Protective shield against every kind of climate and usable all year round. Also suitable for rough northern wind, snow and water conditions.  For the past 2+ years we have been following winter storms and chasing the waves. All the way from Estonia to the great Arctic and Atlantic. We`ve been sleeping outside, under the starry sky with -26 degrees, surfed the icy Arctic swells, spent days in blizzards trying to ride some majestic mountains. We`ve been hiking, climbing and surfing under the burning sun of the Atlantic. Coming home with fully blistered nose and lips. So we know quite well that skin needs proper protection against those tricky conditions. That`s why we have made a Holy Shit lip and face balm. A helping hand for your skin in extreme climate.  Ingredients: Butyrospermum Parkii Butter (sheav\u00f5i) , Apis Mellefera Wax (mesilasvaha) , Theobroma Cacao Sees Butter (kakaov\u00f5i) , Prunus Anygdalis Dulcis (mandli\u00f5li) , Natural Tocopherols E-Vitamin (Vitamiin-E)  The price 1 + delivery 2.5 = 12.5EUR Free delivery on all orders exceeding 5.- EUR  Producer: OmaGive o\u00fc specially for Holy Shit Moments by Vanaisa 3ml","og_url":"https:\/\/vanaisa.ee\/en\/product\/organic-lip-and-face-balm\/","og_site_name":"Vanaisa","article_modified_time":"2024-01-26T12:58:47+00:00","og_image":[{"width":1080,"height":1350,"url":"https:\/\/vanaisa.ee\/wp-content\/uploads\/2022\/07\/lipB-1.jpg","type":"image\/jpeg"}],"twitter_card":"summary_large_image","twitter_misc":{"Estimated reading time":"2 minutes"},"schema":{"@context":"https:\/\/schema.org","@graph":[{"@type":"WebPage","@id":"https:\/\/vanaisa.ee\/toode\/organic-lip-and-face-balm\/","url":"https:\/\/vanaisa.ee\/toode\/organic-lip-and-face-balm\/","name":"ORGANIC LIP AND FACE BALM &#8211; Vanaisa","isPartOf":{"@id":"https:\/\/vanaisa.ee\/#website"},"primaryImageOfPage":{"@id":"https:\/\/vanaisa.ee\/toode\/organic-lip-and-face-balm\/#primaryimage"},"image":{"@id":"https:\/\/vanaisa.ee\/toode\/organic-lip-and-face-balm\/#primaryimage"},"thumbnailUrl":"https:\/\/vanaisa.ee\/wp-content\/uploads\/2022\/07\/lipB-1.jpg","datePublished":"2022-07-14T11:41:53+00:00","dateModified":"2024-01-26T12:58:47+00:00","breadcrumb":{"@id":"https:\/\/vanaisa.ee\/toode\/organic-lip-and-face-balm\/#breadcrumb"},"inLanguage":"en-GB","potentialAction":[{"@type":"ReadAction","target":["https:\/\/vanaisa.ee\/toode\/organic-lip-and-face-balm\/"]}]},{"@type":"ImageObject","inLanguage":"en-GB","@id":"https:\/\/vanaisa.ee\/toode\/organic-lip-and-face-balm\/#primaryimage","url":"https:\/\/vanaisa.ee\/wp-content\/uploads\/2022\/07\/lipB-1.jpg","contentUrl":"https:\/\/vanaisa.ee\/wp-content\/uploads\/2022\/07\/lipB-1.jpg","width":1080,"height":1350},{"@type":"BreadcrumbList","@id":"https:\/\/vanaisa.ee\/toode\/organic-lip-and-face-balm\/#breadcrumb","itemListElement":[{"@type":"ListItem","position":1,"name":"","item":"https:\/\/vanaisa.ee\/"},{"@type":"ListItem","position":2,"name":"Pood","item":"https:\/\/vanaisa.ee\/pood\/"},{"@type":"ListItem","position":3,"name":"ORGANIC LIP AND FACE BALM"}]},{"@type":"WebSite","@id":"https:\/\/vanaisa.ee\/#website","url":"https:\/\/vanaisa.ee\/","name":"Vanaisa","description":"Holy shit moment","publisher":{"@id":"https:\/\/vanaisa.ee\/#organization"},"potentialAction":[{"@type":"SearchAction","target":{"@type":"EntryPoint","urlTemplate":"https:\/\/vanaisa.ee\/?s={search_term_string}"},"query-input":{"@type":"PropertyValueSpecification","valueRequired":true,"valueName":"search_term_string"}}],"inLanguage":"en-GB"},{"@type":"Organization","@id":"https:\/\/vanaisa.ee\/#organization","name":"Vanaisa","url":"https:\/\/vanaisa.ee\/","logo":{"@type":"ImageObject","inLanguage":"en-GB","@id":"https:\/\/vanaisa.ee\/#\/schema\/logo\/image\/","url":"https:\/\/vanaisa.ee\/wp-content\/uploads\/2022\/07\/DSC01075.jpg","contentUrl":"https:\/\/vanaisa.ee\/wp-content\/uploads\/2022\/07\/DSC01075.jpg","width":1376,"height":553,"caption":"Vanaisa"},"image":{"@id":"https:\/\/vanaisa.ee\/#\/schema\/logo\/image\/"}}]}},"_links":{"self":[{"href":"https:\/\/vanaisa.ee\/en\/wp-json\/wp\/v2\/product\/1555","targetHints":{"allow":["GET"]}}],"collection":[{"href":"https:\/\/vanaisa.ee\/en\/wp-json\/wp\/v2\/product"}],"about":[{"href":"https:\/\/vanaisa.ee\/en\/wp-json\/wp\/v2\/types\/product"}],"wp:featuredmedia":[{"embeddable":true,"href":"https:\/\/vanaisa.ee\/en\/wp-json\/wp\/v2\/media\/2795"}],"wp:attachment":[{"href":"https:\/\/vanaisa.ee\/en\/wp-json\/wp\/v2\/media?parent=1555"}],"wp:term":[{"taxonomy":"product_brand","embeddable":true,"href":"https:\/\/vanaisa.ee\/en\/wp-json\/wp\/v2\/product_brand?post=1555"},{"taxonomy":"product_cat","embeddable":true,"href":"https:\/\/vanaisa.ee\/en\/wp-json\/wp\/v2\/product_cat?post=1555"},{"taxonomy":"product_tag","embeddable":true,"href":"https:\/\/vanaisa.ee\/en\/wp-json\/wp\/v2\/product_tag?post=1555"}],"curies":[{"name":"wp","href":"https:\/\/api.w.org\/{rel}","templated":true}]}}